{"id":87,"date":"2015-01-03T18:00:14","date_gmt":"2015-01-03T17:00:14","guid":{"rendered":"http:\/\/www.lacgtmontreuil.fr\/?page_id=87"},"modified":"2023-11-26T10:22:46","modified_gmt":"2023-11-26T09:22:46","slug":"syndiquez-vous","status":"publish","type":"page","link":"https:\/\/www.lacgtmontreuil.fr\/?page_id=87","title":{"rendered":"Syndiquez vous !"},"content":{"rendered":"<p style=\"text-align: justify;\"><span style=\"color: #ff0000;\">Si votre entreprise se situe \u00e0 Montreuil, vous pouvez remplir le formulaire ci-dessous, sinon veuillez vous diriger vers le <strong>site de la <a style=\"color: #ff0000;\" href=\"http:\/\/www.cgt.fr\" target=\"_blank\" rel=\"noopener\">CGT<\/a><\/strong>.\u00a0<\/span><\/p>\n\n<div class=\"wpcf7 no-js\" id=\"wpcf7-f119-o1\" lang=\"fr-FR\" dir=\"ltr\">\n<div class=\"screen-reader-response\"><p role=\"status\" aria-live=\"polite\" aria-atomic=\"true\"><\/p> <ul><\/ul><\/div>\n<form action=\"\/index.php?rest_route=%2Fwp%2Fv2%2Fpages%2F87#wpcf7-f119-o1\" method=\"post\" class=\"wpcf7-form init\" aria-label=\"Formulaire de contact\" novalidate=\"novalidate\" data-status=\"init\">\n<div style=\"display: none;\">\n<input type=\"hidden\" name=\"_wpcf7\" value=\"119\" \/>\n<input type=\"hidden\" name=\"_wpcf7_version\" value=\"5.7.7\" \/>\n<input type=\"hidden\" name=\"_wpcf7_locale\" value=\"fr_FR\" \/>\n<input type=\"hidden\" name=\"_wpcf7_unit_tag\" value=\"wpcf7-f119-o1\" \/>\n<input type=\"hidden\" name=\"_wpcf7_container_post\" value=\"0\" \/>\n<input type=\"hidden\" name=\"_wpcf7_posted_data_hash\" value=\"\" \/>\n<\/div>\n<p>Votre nom (obligatoire)\n<\/p>\n<p><span class=\"wpcf7-form-control-wrap\" data-name=\"your-name\"><input size=\"40\" class=\"wpcf7-form-control wpcf7-text wpcf7-validates-as-required\" aria-required=\"true\" aria-invalid=\"false\" value=\"\" type=\"text\" name=\"your-name\" \/><\/span>\n<\/p>\n<p>Votre pr\u00e9nom (obligatoire)\n<\/p>\n<p><span class=\"wpcf7-form-control-wrap\" data-name=\"your-prenom\"><input size=\"40\" class=\"wpcf7-form-control wpcf7-text wpcf7-validates-as-required\" aria-required=\"true\" aria-invalid=\"false\" value=\"\" type=\"text\" name=\"your-prenom\" \/><\/span>\n<\/p>\n<p>Votre email (obligatoire)\n<\/p>\n<p><span class=\"wpcf7-form-control-wrap\" data-name=\"your-email\"><input size=\"40\" class=\"wpcf7-form-control wpcf7-text wpcf7-email wpcf7-validates-as-required wpcf7-validates-as-email\" aria-required=\"true\" aria-invalid=\"false\" value=\"\" type=\"email\" name=\"your-email\" \/><\/span>\n<\/p>\n<p>Nom employeur\n<\/p>\n<p><span class=\"wpcf7-form-control-wrap\" data-name=\"your-employeur\"><input size=\"40\" class=\"wpcf7-form-control wpcf7-text\" aria-invalid=\"false\" value=\"\" type=\"text\" name=\"your-employeur\" \/><\/span>\n<\/p>\n<p>Rue\n<\/p>\n<p><span class=\"wpcf7-form-control-wrap\" data-name=\"your-adr-employeur\"><input size=\"40\" class=\"wpcf7-form-control wpcf7-text\" aria-invalid=\"false\" value=\"\" type=\"text\" name=\"your-adr-employeur\" \/><\/span>\n<\/p>\n<p>Code postal\n<\/p>\n<p><span class=\"wpcf7-form-control-wrap\" data-name=\"your-code-postal\"><input size=\"40\" class=\"wpcf7-form-control wpcf7-text\" aria-invalid=\"false\" value=\"93100\" type=\"text\" name=\"your-code-postal\" \/><\/span>\n<\/p>\n<p>Ville\n<\/p>\n<p><span class=\"wpcf7-form-control-wrap\" data-name=\"your-ville\"><input size=\"40\" class=\"wpcf7-form-control wpcf7-text\" aria-invalid=\"false\" value=\"Montreuil\" type=\"text\" name=\"your-ville\" \/><\/span>\n<\/p>\n<p>Votre statut (obligatoire)\n<\/p>\n<p><span class=\"wpcf7-form-control-wrap\" data-name=\"your-status\"><span class=\"wpcf7-form-control wpcf7-radio\"><span class=\"wpcf7-list-item first\"><input type=\"radio\" name=\"your-status\" value=\"Salari\u00e9\" checked=\"checked\" \/><span class=\"wpcf7-list-item-label\">Salari\u00e9<\/span><\/span><span class=\"wpcf7-list-item\"><input type=\"radio\" name=\"your-status\" value=\"Ch\u00f4meur\" \/><span class=\"wpcf7-list-item-label\">Ch\u00f4meur<\/span><\/span><span class=\"wpcf7-list-item\"><input type=\"radio\" name=\"your-status\" value=\"Retrait\u00e9\" \/><span class=\"wpcf7-list-item-label\">Retrait\u00e9<\/span><\/span><span class=\"wpcf7-list-item last\"><input type=\"radio\" name=\"your-status\" value=\"Autre\" \/><span class=\"wpcf7-list-item-label\">Autre<\/span><\/span><\/span><\/span>\n<\/p>\n<p>Votre message (obligatoire)\n<\/p>\n<p><span class=\"wpcf7-form-control-wrap\" data-name=\"your-message\"><textarea cols=\"40\" rows=\"10\" class=\"wpcf7-form-control wpcf7-textarea wpcf7-validates-as-required\" aria-required=\"true\" aria-invalid=\"false\" name=\"your-message\"><\/textarea><\/span>\n<\/p>\n<p>Saisissez le code suivant: <input type=\"hidden\" name=\"_wpcf7_captcha_challenge_captcha-170\" value=\"3811883275\" \/><img loading=\"lazy\" decoding=\"async\" class=\"wpcf7-form-control wpcf7-captchac wpcf7-captcha-captcha-170\" width=\"72\" height=\"24\" alt=\"captcha\" src=\"https:\/\/www.lacgtmontreuil.fr\/wp-content\/uploads\/wpcf7_captcha\/3811883275.png\" \/><span class=\"wpcf7-form-control-wrap\" data-name=\"captcha-170\"><input size=\"4\" maxlength=\"4\" class=\"wpcf7-form-control wpcf7-captchar\" autocomplete=\"off\" aria-invalid=\"false\" value=\"\" type=\"text\" name=\"captcha-170\" \/><\/span>\n<\/p>\n<p><input class=\"wpcf7-form-control has-spinner wpcf7-submit\" type=\"submit\" value=\"Envoyer\" \/>\n<\/p><div class=\"wpcf7-response-output\" aria-hidden=\"true\"><\/div>\n<\/form>\n<\/div>\n\n<h6 style=\"text-align: justify;\"><em>Les informations recueillies sont n\u00e9cessaires pour votre adh\u00e9sion. Elles font l&rsquo;objet d&rsquo;un traitement informatique et sont destin\u00e9es au secr\u00e9tariat de l&rsquo;association. En application des articles 39 et suivants de la loi du 6 janvier 1978 modifi\u00e9e, vous b\u00e9n\u00e9ficiez d&rsquo;un droit d&rsquo;acc\u00e8s et de rectification aux informations qui vous concernent. Si vous souhaitez exercer ce droit et obtenir communication des informations vous concernant, veuillez adresser un mail \u00e0 ulcgtmontreuil@wanadoo.fr.<\/em><\/h6>\n","protected":false},"excerpt":{"rendered":"<p>Si votre entreprise se situe \u00e0 Montreuil, vous pouvez remplir le formulaire ci-dessous, sinon veuillez vous diriger vers le site de la CGT.\u00a0 Les informations recueillies sont n\u00e9cessaires pour votre adh\u00e9sion. Elles font l&rsquo;objet d&rsquo;un traitement informatique et sont destin\u00e9es au secr\u00e9tariat de l&rsquo;association. En application des articles 39 et suivants de la loi du &hellip; <\/p>\n","protected":false},"author":1,"featured_media":0,"parent":0,"menu_order":0,"comment_status":"closed","ping_status":"open","template":"","meta":{"footnotes":""},"class_list":["entry","page","publish","author-ulmontreuil","post-87"],"_links":{"self":[{"href":"https:\/\/www.lacgtmontreuil.fr\/index.php?rest_route=\/wp\/v2\/pages\/87","targetHints":{"allow":["GET"]}}],"collection":[{"href":"https:\/\/www.lacgtmontreuil.fr\/index.php?rest_route=\/wp\/v2\/pages"}],"about":[{"href":"https:\/\/www.lacgtmontreuil.fr\/index.php?rest_route=\/wp\/v2\/types\/page"}],"author":[{"embeddable":true,"href":"https:\/\/www.lacgtmontreuil.fr\/index.php?rest_route=\/wp\/v2\/users\/1"}],"replies":[{"embeddable":true,"href":"https:\/\/www.lacgtmontreuil.fr\/index.php?rest_route=%2Fwp%2Fv2%2Fcomments&post=87"}],"version-history":[{"count":14,"href":"https:\/\/www.lacgtmontreuil.fr\/index.php?rest_route=\/wp\/v2\/pages\/87\/revisions"}],"predecessor-version":[{"id":8325,"href":"https:\/\/www.lacgtmontreuil.fr\/index.php?rest_route=\/wp\/v2\/pages\/87\/revisions\/8325"}],"wp:attachment":[{"href":"https:\/\/www.lacgtmontreuil.fr\/index.php?rest_route=%2Fwp%2Fv2%2Fmedia&parent=87"}],"curies":[{"name":"wp","href":"https:\/\/api.w.org\/{rel}","templated":true}]}}