{"id":66,"date":"2015-01-03T13:39:32","date_gmt":"2015-01-03T12:39:32","guid":{"rendered":"http:\/\/www.lacgtmontreuil.fr\/?page_id=66"},"modified":"2018-04-23T10:32:46","modified_gmt":"2018-04-23T08:32:46","slug":"conventions-collectives","status":"publish","type":"page","link":"https:\/\/www.lacgtmontreuil.fr\/?page_id=66","title":{"rendered":"Conventions collectives"},"content":{"rendered":"<p style=\"text-align: justify;\">Vous pouvez acc\u00e9der au site <strong><a href=\"https:\/\/www.legifrance.gouv.fr\/initRechConvColl.do\" target=\"_blank\" rel=\"noopener\">L\u00e9gifrance<\/a>\u00a0<\/strong>et ainsi consulter les conventions collectives, les accords de branche, les textes de loi, etc.<\/p>\n<p style=\"text-align: justify;\">Nous vous proposons quelques liens vers les conventions collectives nationales (CCN) repr\u00e9sent\u00e9es \u00e0 Montreuil :<\/p>\n<p>&#8211; <a href=\"https:\/\/www.legifrance.gouv.fr\/affichIDCC.do;jsessionid=BF0540D4688D698298D2F9C0586D0AAF.tplgfr32s_1?idConvention=KALICONT000005635780\" target=\"_blank\" rel=\"noopener\">CCN de la banque (IDCC 2120)<\/a><br \/>\n&#8211; <a href=\"https:\/\/www.legifrance.gouv.fr\/affichIDCC.do;jsessionid=6B5EA057766432F67A49E952C816C40E.tplgfr23s_1?idConvention=KALICONT000005635373\" target=\"_blank\" rel=\"noopener\">CCN de commerces de gros (IDCC 573)<\/a><br \/>\n&#8211; <a href=\"https:\/\/www.legifrance.gouv.fr\/affichIDCC.do;jsessionid=BF0540D4688D698298D2F9C0586D0AAF.tplgfr32s_1?idConvention=KALICONT000005635085\" target=\"_blank\" rel=\"noopener\">CCN du commerce de d\u00e9tail et de gros \u00e0 pr\u00e9dominance alimentaire (IDCC 2216)<\/a><br \/>\n&#8211; <a href=\"https:\/\/www.legifrance.gouv.fr\/affichIDCC.do;jsessionid=BF0540D4688D698298D2F9C0586D0AAF.tplgfr32s_1?idConvention=KALICONT000005635534\" target=\"_blank\" rel=\"noopener\">CCN\u00a0 des h\u00f4tels, caf\u00e9s restaurants (HCR) (IDCC 1979)<\/a><br \/>\n&#8211; <a href=\"http:\/\/www.fehap.fr\/jcms\/activites-services\/relations-du-travail\/ccn-51\/mise-a-jour-de-la-convention-collective-nationale-du-31-octobre-1951-jsa_39605?portal=ndi_18542\" target=\"_blank\" rel=\"noopener\">CCN des \u00e9tablissements hospitaliers et d&rsquo;aide \u00e0 la personne (51) (IDCC 29)<\/a><br \/>\n&#8211; <a href=\"https:\/\/www.legifrance.gouv.fr\/affichIDCC.do;jsessionid=989D3E5DDD693B1971C82DF971989AC9.tplgfr35s_1?idConvention=KALICONT000005635407\" target=\"_blank\" rel=\"noopener\">CCN des \u00e9tablissements et services pour personnes inadapt\u00e9es et handicap\u00e9es (66) (IDCC 413)<\/a><br \/>\n&#8211; <a href=\"https:\/\/www.legifrance.gouv.fr\/affichIDCC.do;jsessionid=989D3E5DDD693B1971C82DF971989AC9.tplgfr35s_1?idConvention=KALICONT000005635792\" target=\"_blank\" rel=\"noopener\">CCN des salari\u00e9s du particulier employeur (IDCC 2111)<\/a><br \/>\n&#8211; <a href=\"https:\/\/www.legifrance.gouv.fr\/affichIDCC.do;jsessionid=989D3E5DDD693B1971C82DF971989AC9.tplgfr35s_1?idConvention=KALICONT000005635405\" target=\"_blank\" rel=\"noopener\">CCN des entreprises de pr\u00e9vention et de s\u00e9curit\u00e9 (IDCC 1351)<\/a><br \/>\n&#8211; <a href=\"https:\/\/www.legifrance.gouv.fr\/affichIDCC.do;jsessionid=989D3E5DDD693B1971C82DF971989AC9.tplgfr35s_1?idConvention=KALICONT000027172335\" target=\"_blank\" rel=\"noopener\">CCN des entreprises de propret\u00e9 et services associ\u00e9s (IDCC 3043)<\/a><br \/>\n&#8211; <a href=\"https:\/\/www.syntec.fr\/Default.aspx?lid=1&amp;rid=154&amp;rvid=154&amp;ns=0&amp;article_id=147\" target=\"_blank\" rel=\"noopener\">CCN des bureaux d&rsquo;\u00e9tudes techniques, des cabinets d&rsquo;ing\u00e9nieurs-conseils (IDCC 1486)<\/a><br \/>\n&#8211; <a href=\"https:\/\/www.legifrance.gouv.fr\/affichIDCC.do;jsessionid=C24C2BFB9577A3CE2EE9BD3B8BC5D484.tplgfr26s_3?idConvention=KALICONT000005635728\" target=\"_blank\" rel=\"noopener\">CCN des organismes de tourisme (IDCC 1909)<\/a><\/p>\n","protected":false},"excerpt":{"rendered":"<p>Vous pouvez acc\u00e9der au site L\u00e9gifrance\u00a0et ainsi consulter les conventions collectives, les accords de branche, les textes de loi, etc. Nous vous proposons quelques liens vers les conventions collectives nationales (CCN) repr\u00e9sent\u00e9es \u00e0 Montreuil : &#8211; CCN de la banque (IDCC 2120) &#8211; CCN de commerces de gros (IDCC 573) &#8211; CCN du commerce de &hellip; <\/p>\n","protected":false},"author":1,"featured_media":0,"parent":0,"menu_order":0,"comment_status":"closed","ping_status":"open","template":"","meta":{"footnotes":""},"class_list":["entry","page","publish","author-ulmontreuil","post-66"],"_links":{"self":[{"href":"https:\/\/www.lacgtmontreuil.fr\/index.php?rest_route=\/wp\/v2\/pages\/66","targetHints":{"allow":["GET"]}}],"collection":[{"href":"https:\/\/www.lacgtmontreuil.fr\/index.php?rest_route=\/wp\/v2\/pages"}],"about":[{"href":"https:\/\/www.lacgtmontreuil.fr\/index.php?rest_route=\/wp\/v2\/types\/page"}],"author":[{"embeddable":true,"href":"https:\/\/www.lacgtmontreuil.fr\/index.php?rest_route=\/wp\/v2\/users\/1"}],"replies":[{"embeddable":true,"href":"https:\/\/www.lacgtmontreuil.fr\/index.php?rest_route=%2Fwp%2Fv2%2Fcomments&post=66"}],"version-history":[{"count":15,"href":"https:\/\/www.lacgtmontreuil.fr\/index.php?rest_route=\/wp\/v2\/pages\/66\/revisions"}],"predecessor-version":[{"id":1676,"href":"https:\/\/www.lacgtmontreuil.fr\/index.php?rest_route=\/wp\/v2\/pages\/66\/revisions\/1676"}],"wp:attachment":[{"href":"https:\/\/www.lacgtmontreuil.fr\/index.php?rest_route=%2Fwp%2Fv2%2Fmedia&parent=66"}],"curies":[{"name":"wp","href":"https:\/\/api.w.org\/{rel}","templated":true}]}}