{"id":64,"date":"2015-01-03T13:39:05","date_gmt":"2015-01-03T12:39:05","guid":{"rendered":"http:\/\/www.lacgtmontreuil.fr\/?page_id=64"},"modified":"2024-10-30T08:24:17","modified_gmt":"2024-10-30T07:24:17","slug":"code-du-travail","status":"publish","type":"page","link":"https:\/\/www.lacgtmontreuil.fr\/?page_id=64","title":{"rendered":"Code du travail"},"content":{"rendered":"<p style=\"text-align: justify;\"><strong>Le\u00a0code du travail\u00a0recense l&rsquo;ensemble des textes de loi et d\u00e9crets en mati\u00e8re de droit du travail.<\/strong> Il d\u00e9finit l&rsquo;ensemble du cadre relationnel entre l&#8217;employeur et les salari\u00e9s. Il ne s&rsquo;applique pas \u00e0 la fonction publique.<\/p>\n<p style=\"text-align: justify;\">Vous pouvez avoir acc\u00e8s aux textes officiels sur le site du <a href=\"http:\/\/travail-emploi.gouv.fr\/droit-du-travail\/\" target=\"_blank\" rel=\"noopener\"><strong>Minist\u00e8re du Travail<\/strong><\/a>\u00a0et t\u00e9l\u00e9charger\u00a0<a href=\"http:\/\/travail-emploi.gouv.fr\/ministere\/documentation-et-publications-officielles\/codit\/\" target=\"_blank\" rel=\"noopener\"><strong>un fichier Excel regroupant l&rsquo;ensemble des articles (CODIT)<\/strong><\/a>.<\/p>\n<p style=\"text-align: justify;\">Pour autant, l&rsquo;utilisation du code du travail est souvent un jeu de piste : ainsi le SMIC est fix\u00e9 par les articles L. 3231-2 \u00e0 11&#8230; qui renvoient \u00e0 un d\u00e9cret de d&rsquo;octobre dernier lequel n&rsquo;est pas codifi\u00e9 ! Au 1er novembre 2024, le <strong>SMIC horaire a \u00e9t\u00e9 fix\u00e9 \u00e0 11,88 \u20ac brut , pour tenir compte d&rsquo;une inflation th\u00e9orique de 2 %.<\/strong><\/p>\n<p style=\"text-align: justify;\">Aucun taux horaire inf\u00e9rieur n\u2019\u00e9tant l\u00e9gal, ce tarif devrait rester l\u2019exception : \u00e0 l\u2019embauche pour des emplois sans qualification, ni exp\u00e9rience ant\u00e9rieure.<em> \u00ab Appliquer le code du travail \u00bb<\/em>, c\u2019est limiter les droits au minimum !<\/p>\n<p style=\"text-align: justify;\">Heureusement, on peut toujours faire mieux par accord (individuel ou collectif) et <strong>la deuxi\u00e8me partie du code du travail<\/strong> sur \u00ab\u00a0les relations collectives de travail\u00a0\u00bb encadre les moyens d\u2019obtenir ce \u00ab\u00a0plus\u00a0\u00bb\u00a0: <strong>\u00e0 lire attentivement d\u00e8s l\u2019article L.2511-1. C&rsquo;est pour cela que la CGT r\u00e9clame un SMIC \u00e0 2000 euros et l&rsquo;\u00e9chelle mobile des salaires, index\u00e9e au co\u00fbt de la vie.<\/strong><\/p>\n","protected":false},"excerpt":{"rendered":"<p>Le\u00a0code du travail\u00a0recense l&rsquo;ensemble des textes de loi et d\u00e9crets en mati\u00e8re de droit du travail. Il d\u00e9finit l&rsquo;ensemble du cadre relationnel entre l&#8217;employeur et les salari\u00e9s. Il ne s&rsquo;applique pas \u00e0 la fonction publique. Vous pouvez avoir acc\u00e8s aux textes officiels sur le site du Minist\u00e8re du Travail\u00a0et t\u00e9l\u00e9charger\u00a0un fichier Excel regroupant l&rsquo;ensemble des &hellip; <\/p>\n","protected":false},"author":1,"featured_media":0,"parent":0,"menu_order":0,"comment_status":"closed","ping_status":"open","template":"","meta":{"footnotes":""},"class_list":["entry","page","publish","author-ulmontreuil","post-64"],"_links":{"self":[{"href":"https:\/\/www.lacgtmontreuil.fr\/index.php?rest_route=\/wp\/v2\/pages\/64","targetHints":{"allow":["GET"]}}],"collection":[{"href":"https:\/\/www.lacgtmontreuil.fr\/index.php?rest_route=\/wp\/v2\/pages"}],"about":[{"href":"https:\/\/www.lacgtmontreuil.fr\/index.php?rest_route=\/wp\/v2\/types\/page"}],"author":[{"embeddable":true,"href":"https:\/\/www.lacgtmontreuil.fr\/index.php?rest_route=\/wp\/v2\/users\/1"}],"replies":[{"embeddable":true,"href":"https:\/\/www.lacgtmontreuil.fr\/index.php?rest_route=%2Fwp%2Fv2%2Fcomments&post=64"}],"version-history":[{"count":14,"href":"https:\/\/www.lacgtmontreuil.fr\/index.php?rest_route=\/wp\/v2\/pages\/64\/revisions"}],"predecessor-version":[{"id":9269,"href":"https:\/\/www.lacgtmontreuil.fr\/index.php?rest_route=\/wp\/v2\/pages\/64\/revisions\/9269"}],"wp:attachment":[{"href":"https:\/\/www.lacgtmontreuil.fr\/index.php?rest_route=%2Fwp%2Fv2%2Fmedia&parent=64"}],"curies":[{"name":"wp","href":"https:\/\/api.w.org\/{rel}","templated":true}]}}