{"id":62,"date":"2015-01-03T13:38:19","date_gmt":"2015-01-03T12:38:19","guid":{"rendered":"http:\/\/www.lacgtmontreuil.fr\/?page_id=62"},"modified":"2018-04-18T20:36:46","modified_gmt":"2018-04-18T18:36:46","slug":"permanence-juridique","status":"publish","type":"page","link":"https:\/\/www.lacgtmontreuil.fr\/?page_id=62","title":{"rendered":"Permanences syndicales"},"content":{"rendered":"<p style=\"text-align: justify;\">Avec l\u2019accueil de l\u2019UL CGT de Montreuil, vous acc\u00e9dez au r\u00e9seau des permanences syndicales, c\u2019est-\u00e0-dire au transfert d\u2019exp\u00e9rience que la CGT organise au quotidien, pour que nul ne reste sans soutien.<\/p>\n<p style=\"text-align: justify;\">A Montreuil, nous sommes ainsi plusieurs dizaines de militant.e.s (\u00e0 100% b\u00e9n\u00e9voles) qui nous relayons de 8h \u00e0 19h &#8211; sauf durant la coupure du midi &#8211; pour r\u00e9pondre, renseigner, chercher des solutions, engager des combats, n\u00e9gocier\u2026 bref, pour permettre que vos droits soient respect\u00e9s et pour en obtenir de nouveaux\u2026<\/p>\n<p style=\"text-align: justify;\">Nos conseils peuvent \u00eatre juridiques\u00a0: ils sont essentiellement syndicaux car adapt\u00e9s \u00e0 chaque situation concr\u00e8te (urgence \u00e9ventuelle, rapports de force, sp\u00e9cificit\u00e9s de la profession, etc\u2026). C\u2019est pourquoi nous privil\u00e9gions la <strong>prise de<\/strong> <strong>rendez-vous avec nos conseiller.e.s<\/strong>, selon leur sp\u00e9cialisation syndicale, \u00e0 la file d\u2019attente dans nos locaux.<\/p>\n<p style=\"text-align: justify;\">La connaissance partag\u00e9e des 3000 entreprises de Montreuil employant du personnel est un atout que nous mettons \u00e0 votre disposition en cas de diff\u00e9rend\u00a0: elle s\u2019appuie sur les 4000 syndiqu\u00e9.e.s qui y travaillent et <strong>un r\u00e9seau de 500 \u00e9lu.e.s et mandat\u00e9.e.s CGT.<\/strong><\/p>\n<p style=\"text-align: justify;\">Ainsi en 2017, l\u2019expertise juridique de l\u2019UL CGT de Montreuil a permis de r\u00e9cup\u00e9rer 2\u00a0300\u00a0000 euros pour les salari\u00e9.e.s spoli\u00e9.e.s, devant les tribunaux.<\/p>\n<p style=\"text-align: justify;\">Nos permanences s\u2019av\u00e8rent particuli\u00e8rement pr\u00e9cieuses pour les salari\u00e9.e.s des entreprises d\u00e9pourvues de syndicat et qui souhaitent par la suite, <strong>cr\u00e9er une section syndicale CGT <\/strong>sur leur lieu de travail ou provoquer des \u00e9lections de d\u00e9l\u00e9gu\u00e9.e.s.<\/p>\n<p style=\"text-align: justify;\">Enfin, si la d\u00e9fense syndicale vous motive, l\u2019Union Locale CGT vous propose d\u2019int\u00e9grer &#8211; attention, c\u2019est un engagement chronophage ! &#8211; les permanences syndicales, d\u2019abord \u00e0 titre d\u2019apprentissage, ensuite pour renforcer et renouveler nos \u00e9quipes militantes.<\/p>\n","protected":false},"excerpt":{"rendered":"<p>Avec l\u2019accueil de l\u2019UL CGT de Montreuil, vous acc\u00e9dez au r\u00e9seau des permanences syndicales, c\u2019est-\u00e0-dire au transfert d\u2019exp\u00e9rience que la CGT organise au quotidien, pour que nul ne reste sans soutien. A Montreuil, nous sommes ainsi plusieurs dizaines de militant.e.s (\u00e0 100% b\u00e9n\u00e9voles) qui nous relayons de 8h \u00e0 19h &#8211; sauf durant la coupure &hellip; <\/p>\n","protected":false},"author":1,"featured_media":0,"parent":0,"menu_order":0,"comment_status":"closed","ping_status":"open","template":"","meta":{"footnotes":""},"class_list":["entry","page","publish","author-ulmontreuil","post-62"],"_links":{"self":[{"href":"https:\/\/www.lacgtmontreuil.fr\/index.php?rest_route=\/wp\/v2\/pages\/62","targetHints":{"allow":["GET"]}}],"collection":[{"href":"https:\/\/www.lacgtmontreuil.fr\/index.php?rest_route=\/wp\/v2\/pages"}],"about":[{"href":"https:\/\/www.lacgtmontreuil.fr\/index.php?rest_route=\/wp\/v2\/types\/page"}],"author":[{"embeddable":true,"href":"https:\/\/www.lacgtmontreuil.fr\/index.php?rest_route=\/wp\/v2\/users\/1"}],"replies":[{"embeddable":true,"href":"https:\/\/www.lacgtmontreuil.fr\/index.php?rest_route=%2Fwp%2Fv2%2Fcomments&post=62"}],"version-history":[{"count":9,"href":"https:\/\/www.lacgtmontreuil.fr\/index.php?rest_route=\/wp\/v2\/pages\/62\/revisions"}],"predecessor-version":[{"id":1618,"href":"https:\/\/www.lacgtmontreuil.fr\/index.php?rest_route=\/wp\/v2\/pages\/62\/revisions\/1618"}],"wp:attachment":[{"href":"https:\/\/www.lacgtmontreuil.fr\/index.php?rest_route=%2Fwp%2Fv2%2Fmedia&parent=62"}],"curies":[{"name":"wp","href":"https:\/\/api.w.org\/{rel}","templated":true}]}}