{"id":60,"date":"2015-01-03T13:37:57","date_gmt":"2015-01-03T12:37:57","guid":{"rendered":"http:\/\/www.lacgtmontreuil.fr\/?page_id=60"},"modified":"2024-08-19T17:02:19","modified_gmt":"2024-08-19T15:02:19","slug":"conseillers-des-prudhommes","status":"publish","type":"page","link":"https:\/\/www.lacgtmontreuil.fr\/?page_id=60","title":{"rendered":"Conseil de prud&rsquo;hommes"},"content":{"rendered":"<p style=\"text-align: justify;\"><strong>Le conseil de prud\u2019hommes <\/strong>comp\u00e9tent pour les salari\u00e9s de droit priv\u00e9 issus des entreprises de Montreuil, <strong>est install\u00e9 \u00e0 Bobigny, 1 \u00e0 13 rue Michel de l\u2019Hospital<\/strong>, non loin de la Pr\u00e9fecture.<\/p>\n<p style=\"text-align: justify;\">C\u2019est l\u00e0 que sont jug\u00e9s les litiges concernant les contrats de travail, par des formations paritaires, c\u2019est-\u00e0-dire compos\u00e9es de juges employeurs et de juges salari\u00e9s\u00a0: les conseillers prud\u2019hommes.<\/p>\n<p style=\"text-align: justify;\">Les lois Macron ont consid\u00e9rablement complexifi\u00e9 les proc\u00e9dures pour saisir les prud\u2019hommes et ont plafonn\u00e9 les indemnit\u00e9s auxquelles les salari\u00e9s victimes peuvent pr\u00e9tendre. Faut-il pour autant renoncer \u00e0 vos droits ?<\/p>\n<p style=\"text-align: justify;\">Les conseillers prud\u2019hommes CGT r\u00e9sistent aujourd\u2019hui \u00e0 ces orientations. A Montreuil, dans cette bataille syndicale, <strong>nous pouvons compter sur les 5 camarades salari\u00e9-e-s dans la localit\u00e9, qui si\u00e8gent comme conseiller-e-s prud\u2019hommes<\/strong>\u00a0<strong>:<\/strong><\/p>\n<ul>\n<li>Victor MEDOKPO (commerce)<\/li>\n<li>Annie PASZKIEWICZ (commerce)<\/li>\n<li>Sven PIGENET (commerce)<\/li>\n<li>Vanja RAJKOVIC (industrie)<\/li>\n<li>Anne-Laure TARDIEU (activit\u00e9s diverses)<\/li>\n<\/ul>\n<p style=\"text-align: justify;\">Si vous avez \u00e0 saisir le conseil de prud\u2019hommes de Bobigny, <strong><a href=\"https:\/\/www.lacgtmontreuil.fr\/?page_id=215\">prenez un rendez-vous par l\u2019accueil syndical<\/a>.<\/strong><\/p>\n","protected":false},"excerpt":{"rendered":"<p>Le conseil de prud\u2019hommes comp\u00e9tent pour les salari\u00e9s de droit priv\u00e9 issus des entreprises de Montreuil, est install\u00e9 \u00e0 Bobigny, 1 \u00e0 13 rue Michel de l\u2019Hospital, non loin de la Pr\u00e9fecture. C\u2019est l\u00e0 que sont jug\u00e9s les litiges concernant les contrats de travail, par des formations paritaires, c\u2019est-\u00e0-dire compos\u00e9es de juges employeurs et de &hellip; <\/p>\n","protected":false},"author":1,"featured_media":0,"parent":0,"menu_order":0,"comment_status":"closed","ping_status":"open","template":"","meta":{"footnotes":""},"class_list":["entry","page","publish","author-ulmontreuil","post-60"],"_links":{"self":[{"href":"https:\/\/www.lacgtmontreuil.fr\/index.php?rest_route=\/wp\/v2\/pages\/60","targetHints":{"allow":["GET"]}}],"collection":[{"href":"https:\/\/www.lacgtmontreuil.fr\/index.php?rest_route=\/wp\/v2\/pages"}],"about":[{"href":"https:\/\/www.lacgtmontreuil.fr\/index.php?rest_route=\/wp\/v2\/types\/page"}],"author":[{"embeddable":true,"href":"https:\/\/www.lacgtmontreuil.fr\/index.php?rest_route=\/wp\/v2\/users\/1"}],"replies":[{"embeddable":true,"href":"https:\/\/www.lacgtmontreuil.fr\/index.php?rest_route=%2Fwp%2Fv2%2Fcomments&post=60"}],"version-history":[{"count":7,"href":"https:\/\/www.lacgtmontreuil.fr\/index.php?rest_route=\/wp\/v2\/pages\/60\/revisions"}],"predecessor-version":[{"id":8996,"href":"https:\/\/www.lacgtmontreuil.fr\/index.php?rest_route=\/wp\/v2\/pages\/60\/revisions\/8996"}],"wp:attachment":[{"href":"https:\/\/www.lacgtmontreuil.fr\/index.php?rest_route=%2Fwp%2Fv2%2Fmedia&parent=60"}],"curies":[{"name":"wp","href":"https:\/\/api.w.org\/{rel}","templated":true}]}}