{"id":52,"date":"2015-01-03T13:36:18","date_gmt":"2015-01-03T12:36:18","guid":{"rendered":"http:\/\/www.lacgtmontreuil.fr\/?page_id=52"},"modified":"2018-04-22T19:27:06","modified_gmt":"2018-04-22T17:27:06","slug":"les-retraites","status":"publish","type":"page","link":"https:\/\/www.lacgtmontreuil.fr\/?page_id=52","title":{"rendered":"Retrait\u00e9s"},"content":{"rendered":"<p style=\"text-align: justify;\">Les retrait\u00e9(e)s constituent \u00e0 Montreuil une part importante de la population : elles et ils assurent souvent le lien social ders quartiers \u00e0 titre b\u00e9n\u00e9vole. Les retrait\u00e9s n&rsquo;ont aucune le\u00e7on \u00e0 recevoir de Macron quant \u00e0 la solidarit\u00e9 inter g\u00e9n\u00e9rationnelle, car leurs faibles ressources servent aussi \u00e0 aider enfants et petits enfants lorsqu&rsquo;ils sont dans le besoin.<\/p>\n<p style=\"text-align: justify;\">Avec le gel des pensions depuis 5 ans, celui des retraites\u00a0compl\u00e9mentaires depuis 3 ans, la nouvelle contribution pour financer la perte d&rsquo;autonomie (C.A.S.A. &#8211; Contribution Additionnelle de Solidarit\u00e9 pour l&rsquo;Autonomie) et la hausse de 1,7 % de la C.S.G. (Contribution Sociale G\u00e9n\u00e9ralis\u00e9e) depuis janvier 2018, la population retrait\u00e9e est en voie de paup\u00e9risation.<\/p>\n<p style=\"text-align: justify;\">Alors qu&rsquo;aux U.S.A.\u00a0(Etats Unis d&rsquo;Am\u00e9rique)\u00a0les millions de retrait\u00e9s territoriaux voient leurs pensions interrompues suite \u00e0 la faillite de leur fonds de pension, Emmanuel Macron veut utiliser les 15 \u00e0 20 milliards d&rsquo;euros des provisions des r\u00e9gimes publics&#8230; pour la sp\u00e9culation. Une folie !<\/p>\n<p style=\"text-align: justify;\">La mobilisation syndicale des retrait\u00e9s est donc une exigence pour pr\u00e9server des conditions de vie dignes et dans l&rsquo;int\u00e9r\u00eat de la solidarit\u00e9 entre g\u00e9n\u00e9rations.<\/p>\n<p><img loading=\"lazy\" decoding=\"async\" class=\"aligncenter wp-image-1471\" src=\"https:\/\/www.lacgtmontreuil.fr\/wp-content\/uploads\/2018\/04\/Retraite-1-221x300.jpg\" alt=\"\" width=\"300\" height=\"408\" srcset=\"https:\/\/www.lacgtmontreuil.fr\/wp-content\/uploads\/2018\/04\/Retraite-1-221x300.jpg 221w, https:\/\/www.lacgtmontreuil.fr\/wp-content\/uploads\/2018\/04\/Retraite-1-768x1043.jpg 768w, https:\/\/www.lacgtmontreuil.fr\/wp-content\/uploads\/2018\/04\/Retraite-1-754x1024.jpg 754w, https:\/\/www.lacgtmontreuil.fr\/wp-content\/uploads\/2018\/04\/Retraite-1.jpg 1046w\" sizes=\"auto, (max-width: 300px) 100vw, 300px\" \/><\/p>\n<p><a href=\"https:\/\/www.lacgtmontreuil.fr\/?p=1562\">Veuillez d\u00e9couvrir les tracts ici.<\/a><\/p>\n","protected":false},"excerpt":{"rendered":"<p>Les retrait\u00e9(e)s constituent \u00e0 Montreuil une part importante de la population : elles et ils assurent souvent le lien social ders quartiers \u00e0 titre b\u00e9n\u00e9vole. Les retrait\u00e9s n&rsquo;ont aucune le\u00e7on \u00e0 recevoir de Macron quant \u00e0 la solidarit\u00e9 inter g\u00e9n\u00e9rationnelle, car leurs faibles ressources servent aussi \u00e0 aider enfants et petits enfants lorsqu&rsquo;ils sont dans &hellip; <\/p>\n","protected":false},"author":1,"featured_media":0,"parent":0,"menu_order":0,"comment_status":"closed","ping_status":"open","template":"","meta":{"footnotes":""},"class_list":["entry","page","publish","author-ulmontreuil","post-52"],"_links":{"self":[{"href":"https:\/\/www.lacgtmontreuil.fr\/index.php?rest_route=\/wp\/v2\/pages\/52","targetHints":{"allow":["GET"]}}],"collection":[{"href":"https:\/\/www.lacgtmontreuil.fr\/index.php?rest_route=\/wp\/v2\/pages"}],"about":[{"href":"https:\/\/www.lacgtmontreuil.fr\/index.php?rest_route=\/wp\/v2\/types\/page"}],"author":[{"embeddable":true,"href":"https:\/\/www.lacgtmontreuil.fr\/index.php?rest_route=\/wp\/v2\/users\/1"}],"replies":[{"embeddable":true,"href":"https:\/\/www.lacgtmontreuil.fr\/index.php?rest_route=%2Fwp%2Fv2%2Fcomments&post=52"}],"version-history":[{"count":10,"href":"https:\/\/www.lacgtmontreuil.fr\/index.php?rest_route=\/wp\/v2\/pages\/52\/revisions"}],"predecessor-version":[{"id":1644,"href":"https:\/\/www.lacgtmontreuil.fr\/index.php?rest_route=\/wp\/v2\/pages\/52\/revisions\/1644"}],"wp:attachment":[{"href":"https:\/\/www.lacgtmontreuil.fr\/index.php?rest_route=%2Fwp%2Fv2%2Fmedia&parent=52"}],"curies":[{"name":"wp","href":"https:\/\/api.w.org\/{rel}","templated":true}]}}