{"id":44,"date":"2015-01-03T13:34:46","date_gmt":"2015-01-03T12:34:46","guid":{"rendered":"http:\/\/www.lacgtmontreuil.fr\/?page_id=44"},"modified":"2024-08-19T17:14:36","modified_gmt":"2024-08-19T15:14:36","slug":"commission-executive","status":"publish","type":"page","link":"https:\/\/www.lacgtmontreuil.fr\/?page_id=44","title":{"rendered":"Commission ex\u00e9cutive"},"content":{"rendered":"<p style=\"text-align: justify;\">Conform\u00e9ment \u00e0 ses statuts d\u00e9pos\u00e9s en Mairie de Montreuil, l&rsquo;Union Locale CGT de Montreuil est dirig\u00e9e entre deux congr\u00e8s par une Commission Ex\u00e9cutive charg\u00e9e de son administration. Le 24\u00e8me aura lieu les 15 et 16 octobre 2024.<\/p>\n<p style=\"text-align: justify;\">A l&rsquo;occasion du pr\u00e9c\u00e9dent congr\u00e8s de l&rsquo;Union Locale qui a eu lieu les 17 et 18 f\u00e9vrier 2022, une nouvelle direction collective a \u00e9t\u00e9 \u00e9lue pour 3 ans, renouvel\u00e9e au tiers.<\/p>\n<p style=\"text-align: justify;\">La Commission Ex\u00e9cutive est compos\u00e9e des repr\u00e9sentant(e)s des syndicats suivants :<\/p>\n<p><span style=\"color: #333399;\">&#8211; BELLANGER Mathias (Elior)<br \/>\n&#8211; <span style=\"font-size: 14px;\">BOUCABEILLE Guy (Retrait\u00e9 ACCOR)<\/span><span style=\"font-size: 14px;\"><br \/>\n&#8211; <\/span><span style=\"font-size: 14px;\">CAUSSADE Michel (Retrait\u00e9)<\/span><span style=\"font-size: 14px;\"><br \/>\n&#8211; <\/span><span style=\"font-size: 14px;\">CHASTAING Catherine (Territoriaux)<br \/>\n&#8211; CHAUVET Vanessa (APLIM) , tr\u00e9sori\u00e8re<br \/>\n<\/span><\/span><span style=\"color: #333399;\"><span style=\"font-size: 14px;\">&#8211; COULIBALY Marie-Christine (RESTALLIANCE)<br \/>\n&#8211; <\/span><span style=\"font-size: 14px;\">DELUMBEE Richard (SODEXO), Secr\u00e9taire g\u00e9n\u00e9ral<br \/>\n&#8211; FAUCHEUX Patrice (Retrait\u00e9)<br \/>\n<\/span><span style=\"font-size: 14px;\">&#8211; GRUSER S\u00e9bastien (BNP PARIBAS)<br \/>\n&#8211; KHATTALI Faten (CIDEFE)<br \/>\n<\/span><span style=\"font-size: 14px;\">&#8211; MAYANS H\u00e9l\u00e8ne (AFPA)<br \/>\n&#8211; <\/span><span style=\"font-size: 14px;\">MERCIER Serge (URSSAF)<\/span><span style=\"font-size: 14px;\"><br \/>\n&#8211; <\/span><span style=\"font-size: 14px;\">MOREL Christine (NVO)<br \/>\n&#8211; <\/span><span style=\"font-size: 14px;\">NDIAYE Ibrahima (SANTE SERVICE)<br \/>\n<\/span><\/span><span style=\"color: #333399;\">&#8211; OUCHEN Haza (CARREFOUR)<br \/>\n<\/span><span style=\"color: #333399;\"><span style=\"font-size: 14px;\">&#8211; <\/span><span style=\"font-size: 14px;\">PASZKIEWICZ Annie (NOUVEAUX ROBINSON)<br \/>\n&#8211; PICQUART Claudine (Retrait\u00e9e URSSAF), tr\u00e9sori\u00e8re adjointe<br \/>\n<span style=\"font-size: 14px;\">&#8211; PILLU Vincent (INTERLOGEMENT93)<br \/>\n<\/span><span style=\"font-size: 14px;\">&#8211; ROYER Vincent (Territoriaux)<br \/>\n<\/span><\/span><\/span><span style=\"color: #333399;\"><span style=\"font-size: 14px;\">&#8211; <\/span><span style=\"font-size: 14px;\">TARDIEU Anne-Laure (URSSAF)<br \/>\n<\/span><\/span><span style=\"color: #000080;\">&#8211; VERDIER Raymond (CNTPE)<\/span><\/p>\n<p style=\"text-align: justify;\">Le contr\u00f4le financier de l&rsquo;Union Locale CGT de Montreuil est exerc\u00e9 par une commission de 3 membres :<\/p>\n<p><span style=\"color: #333399;\">&#8211; BAMBA Fatoumata (RESTALLIANCE)<br \/>\n&#8211; BEAUGENDRE Lucien (AEDE)<span style=\"font-size: 14px;\"><br \/>\n&#8211; HAMIDI Soraya (Territoriaux)<\/span><span style=\"font-size: 14px;\"><br \/>\n<\/span><\/span><\/p>\n<p style=\"text-align: justify;\">Les organismes de direction de l&rsquo;UL CGT respectent une stricte parit\u00e9 femmes\/hommes et la diversit\u00e9 des professions pr\u00e9sentes \u00e0 Montreuil.<\/p>\n<p><a href=\"https:\/\/www.lacgtmontreuil.fr\/wp-content\/uploads\/2022\/02\/IMG_-2.jpg\" target=\"_blank\" rel=\"noopener\"><img loading=\"lazy\" decoding=\"async\" class=\"aligncenter wp-image-5676 size-medium\" src=\"https:\/\/www.lacgtmontreuil.fr\/wp-content\/uploads\/2022\/02\/IMG_-2-300x225.jpg\" alt=\"\" width=\"300\" height=\"225\" srcset=\"https:\/\/www.lacgtmontreuil.fr\/wp-content\/uploads\/2022\/02\/IMG_-2-300x225.jpg 300w, https:\/\/www.lacgtmontreuil.fr\/wp-content\/uploads\/2022\/02\/IMG_-2-768x576.jpg 768w, https:\/\/www.lacgtmontreuil.fr\/wp-content\/uploads\/2022\/02\/IMG_-2-1024x768.jpg 1024w, https:\/\/www.lacgtmontreuil.fr\/wp-content\/uploads\/2022\/02\/IMG_-2.jpg 1672w\" sizes=\"auto, (max-width: 300px) 100vw, 300px\" \/><\/a><\/p>\n","protected":false},"excerpt":{"rendered":"<p>Conform\u00e9ment \u00e0 ses statuts d\u00e9pos\u00e9s en Mairie de Montreuil, l&rsquo;Union Locale CGT de Montreuil est dirig\u00e9e entre deux congr\u00e8s par une Commission Ex\u00e9cutive charg\u00e9e de son administration. Le 24\u00e8me aura lieu les 15 et 16 octobre 2024. A l&rsquo;occasion du pr\u00e9c\u00e9dent congr\u00e8s de l&rsquo;Union Locale qui a eu lieu les 17 et 18 f\u00e9vrier 2022, &hellip; <\/p>\n","protected":false},"author":1,"featured_media":0,"parent":0,"menu_order":0,"comment_status":"closed","ping_status":"open","template":"","meta":{"footnotes":""},"class_list":["entry","page","publish","author-ulmontreuil","post-44"],"_links":{"self":[{"href":"https:\/\/www.lacgtmontreuil.fr\/index.php?rest_route=\/wp\/v2\/pages\/44","targetHints":{"allow":["GET"]}}],"collection":[{"href":"https:\/\/www.lacgtmontreuil.fr\/index.php?rest_route=\/wp\/v2\/pages"}],"about":[{"href":"https:\/\/www.lacgtmontreuil.fr\/index.php?rest_route=\/wp\/v2\/types\/page"}],"author":[{"embeddable":true,"href":"https:\/\/www.lacgtmontreuil.fr\/index.php?rest_route=\/wp\/v2\/users\/1"}],"replies":[{"embeddable":true,"href":"https:\/\/www.lacgtmontreuil.fr\/index.php?rest_route=%2Fwp%2Fv2%2Fcomments&post=44"}],"version-history":[{"count":21,"href":"https:\/\/www.lacgtmontreuil.fr\/index.php?rest_route=\/wp\/v2\/pages\/44\/revisions"}],"predecessor-version":[{"id":9014,"href":"https:\/\/www.lacgtmontreuil.fr\/index.php?rest_route=\/wp\/v2\/pages\/44\/revisions\/9014"}],"wp:attachment":[{"href":"https:\/\/www.lacgtmontreuil.fr\/index.php?rest_route=%2Fwp%2Fv2%2Fmedia&parent=44"}],"curies":[{"name":"wp","href":"https:\/\/api.w.org\/{rel}","templated":true}]}}