{"id":195,"date":"2017-11-05T19:58:59","date_gmt":"2017-11-05T18:58:59","guid":{"rendered":"http:\/\/www.lacgtmontreuil.fr\/?page_id=195"},"modified":"2022-07-16T12:19:03","modified_gmt":"2022-07-16T10:19:03","slug":"territoriaux","status":"publish","type":"page","link":"https:\/\/www.lacgtmontreuil.fr\/?page_id=195","title":{"rendered":"Territoriaux"},"content":{"rendered":"<p style=\"text-align: justify;\">Le syndicat CGT des Territoriaux de Montreuil repr\u00e9sente, d\u00e9fend et organise l\u2019ensemble des personnels, toutes cat\u00e9gories confondues, de la mairie de Montreuil\u00a0: ouvriers, employ\u00e9s et cadres, titulaires, stagiaires ou contractuels.<\/p>\n<p style=\"text-align: justify;\">En lien avec l\u2019Union Locale CGT et la F\u00e9d\u00e9ration CGT des Services Publics, l\u2019activit\u00e9 du syndicat s\u2019\u00e9tend aux agents relevant d\u2019autres collectivit\u00e9s ou \u00e9tablissements publics, pr\u00e9sents \u00e0 Montreuil\u00a0: rattach\u00e9s \u00e0 Est-Ensemble, au d\u00e9partement ou \u00e0 la r\u00e9gion Ile-de-France\u2026 par exemple dans les lyc\u00e9es et coll\u00e8ges.<\/p>\n<p style=\"text-align: justify;\">La mise en place depuis le 1<sup>er<\/sup> janvier 2016 de la M\u00e9tropole du Grand Paris va venir bousculer missions et emplois. Au pr\u00e9texte de moderniser \u00c9tat et collectivit\u00e9s, le projet macronnien vise \u00e0 ub\u00e9riser les services publics en refoulant l&rsquo;usager derri\u00e8re son smartphone : c&rsquo;est la start-up France et son \u00c9tat Plate-forme qui se mettent en place. La CGT s\u2019y oppose, refusant un territoire livr\u00e9 \u00e0 la concurrence, \u00e0 la mobilit\u00e9 forc\u00e9e et \u00e0 une gentrification d\u00e9j\u00e0 \u00e0 l\u2019\u0153uvre dans nos quartiers. Elle agit pour le d\u00e9veloppement des missions publiques de proximit\u00e9, r\u00e9pondant aux besoins de la population.<\/p>\n<p style=\"text-align: justify;\">C\u2019est cette conception d\u2019un service public utile, r\u00e9sorbant la pr\u00e9carit\u00e9, avec des agents form\u00e9s et mieux r\u00e9mun\u00e9r\u00e9s, en nombre suffisant, que la CGT d\u00e9fendra lors des \u00e9lections CTP, CAP, CCP du 6 d\u00e9cembre prochain.<\/p>\n<p style=\"text-align: justify;\">Le syndicat CGT des Territoriaux de Montreuil est<strong> joignable tous les lundis matin<\/strong>\u00a0:<\/p>\n<ul>\n<li>au 1<sup>er<\/sup> \u00e9tage de la Bourse du Travail, 24, rue de Paris,<\/li>\n<li>par t\u00e9l\u00e9phone au 01 48 58 88 38<\/li>\n<\/ul>\n<p style=\"text-align: justify;\"><strong>Pour les contentieux administratifs, <\/strong>l\u2019Union Locale organise aussi une permanence sur rendez-vous.<\/p>\n","protected":false},"excerpt":{"rendered":"<p>Le syndicat CGT des Territoriaux de Montreuil repr\u00e9sente, d\u00e9fend et organise l\u2019ensemble des personnels, toutes cat\u00e9gories confondues, de la mairie de Montreuil\u00a0: ouvriers, employ\u00e9s et cadres, titulaires, stagiaires ou contractuels. En lien avec l\u2019Union Locale CGT et la F\u00e9d\u00e9ration CGT des Services Publics, l\u2019activit\u00e9 du syndicat s\u2019\u00e9tend aux agents relevant d\u2019autres collectivit\u00e9s ou \u00e9tablissements publics, &hellip; <\/p>\n","protected":false},"author":1,"featured_media":0,"parent":0,"menu_order":0,"comment_status":"closed","ping_status":"closed","template":"","meta":{"footnotes":""},"class_list":["entry","page","publish","author-ulmontreuil","post-195"],"_links":{"self":[{"href":"https:\/\/www.lacgtmontreuil.fr\/index.php?rest_route=\/wp\/v2\/pages\/195","targetHints":{"allow":["GET"]}}],"collection":[{"href":"https:\/\/www.lacgtmontreuil.fr\/index.php?rest_route=\/wp\/v2\/pages"}],"about":[{"href":"https:\/\/www.lacgtmontreuil.fr\/index.php?rest_route=\/wp\/v2\/types\/page"}],"author":[{"embeddable":true,"href":"https:\/\/www.lacgtmontreuil.fr\/index.php?rest_route=\/wp\/v2\/users\/1"}],"replies":[{"embeddable":true,"href":"https:\/\/www.lacgtmontreuil.fr\/index.php?rest_route=%2Fwp%2Fv2%2Fcomments&post=195"}],"version-history":[{"count":9,"href":"https:\/\/www.lacgtmontreuil.fr\/index.php?rest_route=\/wp\/v2\/pages\/195\/revisions"}],"predecessor-version":[{"id":6033,"href":"https:\/\/www.lacgtmontreuil.fr\/index.php?rest_route=\/wp\/v2\/pages\/195\/revisions\/6033"}],"wp:attachment":[{"href":"https:\/\/www.lacgtmontreuil.fr\/index.php?rest_route=%2Fwp%2Fv2%2Fmedia&parent=195"}],"curies":[{"name":"wp","href":"https:\/\/api.w.org\/{rel}","templated":true}]}}