{"id":193,"date":"2017-11-05T19:58:36","date_gmt":"2017-11-05T18:58:36","guid":{"rendered":"http:\/\/www.lacgtmontreuil.fr\/?page_id=193"},"modified":"2018-04-09T22:20:16","modified_gmt":"2018-04-09T20:20:16","slug":"recours-secu","status":"publish","type":"page","link":"https:\/\/www.lacgtmontreuil.fr\/?page_id=193","title":{"rendered":"Recours S\u00e9curit\u00e9 Sociale"},"content":{"rendered":"<p style=\"text-align: justify;\">Voici ce que disait Ambroise Croizat, Ministre du Travail et de la S\u00e9curit\u00e9 Sociale\u00a0 de 1945 \u00e0 1947, \u00e0 propos de la s\u00e9curit\u00e9 sociale\u00a0 : \u00abVivre sans l\u2019angoisse du lendemain, de la maladie ou de l\u2019accident de travail, en cotisant selon ses moyens et en recevant selon ses besoins.\u00bb<\/p>\n<p style=\"text-align: justify;\">Ce n\u2019est plus tout \u00e0 fait le cas aujourd\u2019hui. Les probl\u00e8mes d\u2019accident de travail, de maladie professionnelle ou tout simplement de maladie ne permettent plus d\u2019\u00e9viter cette angoisse.<\/p>\n<p style=\"text-align: justify;\">Pire, de nombreux salari\u00e9s reprennent leur travail insuffisamment remis psychiquement ou physiquement, voire les deux , g\u00e9n\u00e9rant de nouveaux probl\u00e8mes.<\/p>\n<p style=\"text-align: justify;\">Les incompr\u00e9hensions, les tracas administratifs sont de plus en plus fr\u00e9quents et l\u2019on s\u2019aper\u00e7oit que nos connaissances d\u2019assur\u00e9s sociaux sont loin, voire tr\u00e8s loin d\u2019\u00eatre bonnes.<\/p>\n<p style=\"text-align: justify;\">Pour cela, l\u2019Union Locale CGT de Montreuil permet d\u2019y r\u00e9pondre, <strong><span style=\"color: #ff0000;\"><a style=\"color: #ff0000;\" href=\"https:\/\/www.lacgtmontreuil.fr\/?page_id=215\">sur rendez-vous<\/a><\/span><\/strong>. Une permanence d\u00e9di\u00e9e aux droits des assur\u00e9s sociaux est \u00e0 votre disposition.<\/p>\n","protected":false},"excerpt":{"rendered":"<p>Voici ce que disait Ambroise Croizat, Ministre du Travail et de la S\u00e9curit\u00e9 Sociale\u00a0 de 1945 \u00e0 1947, \u00e0 propos de la s\u00e9curit\u00e9 sociale\u00a0 : \u00abVivre sans l\u2019angoisse du lendemain, de la maladie ou de l\u2019accident de travail, en cotisant selon ses moyens et en recevant selon ses besoins.\u00bb Ce n\u2019est plus tout \u00e0 fait &hellip; <\/p>\n","protected":false},"author":1,"featured_media":0,"parent":0,"menu_order":0,"comment_status":"closed","ping_status":"closed","template":"","meta":{"footnotes":""},"class_list":["entry","page","publish","author-ulmontreuil","post-193"],"_links":{"self":[{"href":"https:\/\/www.lacgtmontreuil.fr\/index.php?rest_route=\/wp\/v2\/pages\/193","targetHints":{"allow":["GET"]}}],"collection":[{"href":"https:\/\/www.lacgtmontreuil.fr\/index.php?rest_route=\/wp\/v2\/pages"}],"about":[{"href":"https:\/\/www.lacgtmontreuil.fr\/index.php?rest_route=\/wp\/v2\/types\/page"}],"author":[{"embeddable":true,"href":"https:\/\/www.lacgtmontreuil.fr\/index.php?rest_route=\/wp\/v2\/users\/1"}],"replies":[{"embeddable":true,"href":"https:\/\/www.lacgtmontreuil.fr\/index.php?rest_route=%2Fwp%2Fv2%2Fcomments&post=193"}],"version-history":[{"count":8,"href":"https:\/\/www.lacgtmontreuil.fr\/index.php?rest_route=\/wp\/v2\/pages\/193\/revisions"}],"predecessor-version":[{"id":1506,"href":"https:\/\/www.lacgtmontreuil.fr\/index.php?rest_route=\/wp\/v2\/pages\/193\/revisions\/1506"}],"wp:attachment":[{"href":"https:\/\/www.lacgtmontreuil.fr\/index.php?rest_route=%2Fwp%2Fv2%2Fmedia&parent=193"}],"curies":[{"name":"wp","href":"https:\/\/api.w.org\/{rel}","templated":true}]}}