{"id":1523,"date":"2018-04-11T00:32:43","date_gmt":"2018-04-10T22:32:43","guid":{"rendered":"http:\/\/www.lacgtmontreuil.fr\/?page_id=1523"},"modified":"2025-02-26T20:02:39","modified_gmt":"2025-02-26T19:02:39","slug":"inscription-formation","status":"publish","type":"page","link":"https:\/\/www.lacgtmontreuil.fr\/?page_id=1523","title":{"rendered":"Inscription formation syndicale"},"content":{"rendered":"<p style=\"text-align: justify;\">Nous vous rappelons que v<span style=\"display: inline !important; float: none; background-color: transparent; color: #444444; font-family: 'Open Sans','Trebuchet MS',sans-serif; font-size: 14px; font-style: normal; font-variant: normal; font-weight: 400; letter-spacing: normal; orphans: 2; text-align: justify; text-decoration: none; text-indent: 0px; text-transform: none; -webkit-text-stroke-width: 0px; white-space: normal; word-spacing: 0px;\">ous devez faire une demande d\u2019autorisation d\u2019absence aupr\u00e8s de votre employeur un mois minimum avant le d\u00e9but de la formation, vous pouvez trouver ici un mod\u00e8le (r\u00e9serv\u00e9 au secteur priv\u00e9) de<\/span><strong>\u00a0<a href=\"https:\/\/www.lacgtmontreuil.fr\/wp-content\/uploads\/2018\/02\/Demande-dautorisation-dabsence-Formation-syndicale.doc\" rel=\"noopener\">demande d\u2019autorisation d\u2019absence pour une formation syndicale<\/a><\/strong><span style=\"display: inline !important; float: none; background-color: transparent; color: #444444; font-family: 'Open Sans','Trebuchet MS',sans-serif; font-size: 14px; font-style: normal; font-variant: normal; font-weight: 400; letter-spacing: normal; orphans: 2; text-align: justify; text-decoration: none; text-indent: 0px; text-transform: none; -webkit-text-stroke-width: 0px; white-space: normal; word-spacing: 0px;\">. <\/span><\/p>\n<p>Pour vous inscrire \u00e0 une formation de l&rsquo;UL de Montreuil, vous devez \u00eatre syndiqu\u00e9 \u00e0 la CGT !<\/p>\n<p style=\"text-align: justify;\"><span style=\"display: inline !important; float: none; background-color: transparent; color: #444444; font-family: 'Open Sans','Trebuchet MS',sans-serif; font-size: 14px; font-style: normal; font-variant: normal; font-weight: 400; letter-spacing: normal; orphans: 2; text-align: justify; text-decoration: none; text-indent: 0px; text-transform: none; -webkit-text-stroke-width: 0px; white-space: normal; word-spacing: 0px;\">Suite \u00e0 l&rsquo;acceptation de votre employeur, v<\/span>euillez nous envoyer un mail \u00e0<br \/>\n<span style=\"color: #ff0000;\"><a style=\"color: #ff0000;\" href=\"mailto:formationcgtmontreuil@outlook.fr\" target=\"_blank\" rel=\"noopener\"><strong>formationcgtmontreuil@outlook.fr<\/strong><\/a><\/span> en nous indiquant obligatoirement les informations suivantes :<\/p>\n<ul>\n<li>Votre nom<\/li>\n<li>Votre pr\u00e9nom<\/li>\n<li>Votre num\u00e9ro de t\u00e9l\u00e9phone portable<\/li>\n<li>Le nom de votre employeur (si vous \u00eates salari\u00e9(e))<\/li>\n<li>L&rsquo;adresse de votre employeur (si vous \u00eates salari\u00e9(e))<\/li>\n<li>L&rsquo;intitul\u00e9 de la formation que vous souhaitez suivre<\/li>\n<li>Les dates de la formation<\/li>\n<\/ul>\n<p>Nous vous remercions.<\/p>\n","protected":false},"excerpt":{"rendered":"<p>Nous vous rappelons que vous devez faire une demande d\u2019autorisation d\u2019absence aupr\u00e8s de votre employeur un mois minimum avant le d\u00e9but de la formation, vous pouvez trouver ici un mod\u00e8le (r\u00e9serv\u00e9 au secteur priv\u00e9) de\u00a0demande d\u2019autorisation d\u2019absence pour une formation syndicale. Pour vous inscrire \u00e0 une formation de l&rsquo;UL de Montreuil, vous devez \u00eatre syndiqu\u00e9 &hellip; <\/p>\n","protected":false},"author":1,"featured_media":0,"parent":0,"menu_order":0,"comment_status":"closed","ping_status":"closed","template":"","meta":{"footnotes":""},"class_list":["entry","page","publish","author-ulmontreuil","post-1523"],"_links":{"self":[{"href":"https:\/\/www.lacgtmontreuil.fr\/index.php?rest_route=\/wp\/v2\/pages\/1523","targetHints":{"allow":["GET"]}}],"collection":[{"href":"https:\/\/www.lacgtmontreuil.fr\/index.php?rest_route=\/wp\/v2\/pages"}],"about":[{"href":"https:\/\/www.lacgtmontreuil.fr\/index.php?rest_route=\/wp\/v2\/types\/page"}],"author":[{"embeddable":true,"href":"https:\/\/www.lacgtmontreuil.fr\/index.php?rest_route=\/wp\/v2\/users\/1"}],"replies":[{"embeddable":true,"href":"https:\/\/www.lacgtmontreuil.fr\/index.php?rest_route=%2Fwp%2Fv2%2Fcomments&post=1523"}],"version-history":[{"count":16,"href":"https:\/\/www.lacgtmontreuil.fr\/index.php?rest_route=\/wp\/v2\/pages\/1523\/revisions"}],"predecessor-version":[{"id":9710,"href":"https:\/\/www.lacgtmontreuil.fr\/index.php?rest_route=\/wp\/v2\/pages\/1523\/revisions\/9710"}],"wp:attachment":[{"href":"https:\/\/www.lacgtmontreuil.fr\/index.php?rest_route=%2Fwp%2Fv2%2Fmedia&parent=1523"}],"curies":[{"name":"wp","href":"https:\/\/api.w.org\/{rel}","templated":true}]}}